{"id":356,"date":"2021-07-22T08:04:31","date_gmt":"2021-07-22T08:04:31","guid":{"rendered":"https:\/\/gruene-grafenau.de\/?page_id=356"},"modified":"2024-07-07T04:39:52","modified_gmt":"2024-07-07T04:39:52","slug":"informationen","status":"publish","type":"page","link":"https:\/\/gruene-grafenau.de\/index.php\/informationen\/","title":{"rendered":"Informationen"},"content":{"rendered":"<h3>Neue Satzung OV Grafenau (g\u00fcltig ab 30.06.2024)<\/h3>\n<h4><a href=\"https:\/\/gruene-grafenau.de\/wp-content\/uploads\/2024\/06\/2024_GrueneOVGrafenau_Satzung_final.pdf\">2024_GrueneOVGrafenau_Satzung_final<\/a><\/h4>\n<p>&nbsp;<\/p>\n<hr \/>\n<h4 class=\"h2 intro\"><a title=\"Informationsabend \u201eF\u00f6rdergelder f\u00fcr Haus- und Heizungssanierung\u201c mit der Energieagentur B\u00f6blingen\" href=\"https:\/\/gruene-grafenau.de\/index.php\/2021\/07\/15\/informationsabend-foerdergelder-fuer-haus-und-heizungssanierung-mit-der-energieagentur-boeblingen\/\" rel=\"bookmark\">Informationsveranstaltung \u201eMit dem E-Auto in die Zukunft\u201c\u00a0<\/a><\/h4>\n<p>Hier finden Sie weiterf\u00fchrende Information und externe Links (Stand: November 2021)<\/p>\n<p><strong>Pr\u00e4sentation <\/strong>(gek\u00fcrzt)<\/p>\n<p>Die Pr\u00e4sentation kann auf Wunsch zugeschickt werden. Bitte um Nachricht an: info@gruene-grafenau.de<\/p>\n<div>\n<p><a href=\"https:\/\/energiewende.eu\/well-to-wheel\/\">Well-to-Wheel &#8211; Verbrenner versus E-Mobil &#8211; ee mag (energiewende.eu)<\/a><\/p>\n<p><a href=\"https:\/\/www.bmu.de\/fileadmin\/Daten_BMU\/Pools\/Broschueren\/klimaschutz_zahlen_2021_bf.pdf\">Klimaschutz in Zahlen &#8211; Fakten, Trends und Impulse deutscher Klimapolitik, Ausgabe 2021 (bmu.de)<\/a><\/p>\n<p><a href=\"https:\/\/www.sueddeutsche.de\/auto\/wasserstoff-brennstoffzelle-1.5445458\">Wasserstoff-Autos: Keine Alternative zum Elektroauto &#8211; Auto &amp; Mobil &#8211; SZ.de (sueddeutsche.de)<\/a><\/p>\n<\/div>\n<p><strong>Wasserverbrauch E-Autos<\/strong><\/p>\n<p><a href=\"https:\/\/www.auto-motor-und-sport.de\/tech-zukunft\/alternative-antriebe\/wasserverbrauch-akku-elektroauto\/\">https:\/\/www.auto-motor-und-sport.de\/tech-zukunft\/alternative-antriebe\/wasserverbrauch-akku-elektroauto\/<\/a><\/p>\n<p><strong>Faktencheck Wasserverbrauch E-Autos<\/strong><\/p>\n<p><a href=\"https:\/\/www.volksverpetzer.de\/analyse\/e-auto-lithium\/\">Artikel Volksverpetzer<\/a><\/p>\n<p><strong>Kobalt und Kinderarbeit<\/strong><\/p>\n<p><a href=\"https:\/\/www.wiwo.de\/unternehmen\/auto\/kobalt-und-die-kinderarbeit-der-hype-um-kobalt-koennte-schon-bald-vorbei-sein\/27585126.html\">https:\/\/www.wiwo.de\/unternehmen\/auto\/kobalt-und-die-kinderarbeit-der-hype-um-kobalt-koennte-schon-bald-vorbei-sein\/27585126.html<\/a><\/p>\n<div><\/div>\n<div class=\"\"><b class=\"\">Kaufpr\u00e4mie \u201eUmweltbonus\u201c <\/b>(bis zu 9.000\u20ac)<\/div>\n<div class=\"\"><span class=\"\"><a class=\"\" href=\"https:\/\/www.bundesregierung.de\/breg-de\/themen\/energiewende\/kaufpraemie-fuer-elektroautos-erhoeht-369482\">https:\/\/www.bundesregierung.de\/breg-de\/themen\/energiewende\/kaufpraemie-fuer-elektroautos-erhoeht-369482<\/a><\/span><\/div>\n<div class=\"\"><\/div>\n<div class=\"\"><b class=\"\">Wallbox F\u00f6rderung<\/b><\/div>\n<div class=\"\"><span class=\"\"><a class=\"\" href=\"https:\/\/www.l-bank.de\/produkte\/finanzhilfen\/bw-e-solar-gutschein.html\">https:\/\/www.bundesregierung.de\/breg-de\/aktuelles\/wallbox-foerderung-1819424<\/a><\/span><\/div>\n<div class=\"\"><\/div>\n<div class=\"\"><b class=\"\">Ladestation im Mehrfamilienhaus<\/b><\/div>\n<div class=\"\">Wohnungseigent\u00fcmer und -mieter haben gem. Wohnungseigentumsmodernisierungsgesetz WEMoG Anspruch auf den Einbau einer Ladem\u00f6glichkeit f\u00fcr E-Autos, sofern die Kosten durch den\/die Nutzer\/in getragen werden.<\/div>\n<div class=\"\"><span class=\"\"><a class=\"\" href=\"https:\/\/www.umschalten.de\/ladestation-im-mehrfamilienhaus\/\">https:\/\/www.umschalten.de\/ladestation-im-mehrfamilienhaus\/<\/a><\/span><\/div>\n<p>&nbsp;<\/p>\n<hr \/>\n<h4 class=\"h2\"><strong><a title=\"Informationsabend \u201eF\u00f6rdergelder f\u00fcr Haus- und Heizungssanierung\u201c mit der Energieagentur B\u00f6blingen\" href=\"https:\/\/gruene-grafenau.de\/index.php\/2021\/07\/15\/informationsabend-foerdergelder-fuer-haus-und-heizungssanierung-mit-der-energieagentur-boeblingen\/\" rel=\"bookmark\">Informationsabend \u201eF\u00f6rdergelder f\u00fcr Haus- und Heizungssanierung\u201c mit der Energieagentur B\u00f6blingen<\/a><\/strong><\/h4>\n<p>Hier finden Sie weiterf\u00fchrende Informationen und externe Links (Stand: Juli 2021)<\/p>\n<p><b>KFW F\u00f6rderprogramme:<span class=\"Apple-converted-space\">\u00a0<\/span><\/b><\/p>\n<p>Wahlweise Kredit oder Zusch\u00fcsse<\/p>\n<p>Link: <a href=\"https:\/\/www.kfw.de\/kfw.de.html\">https:\/\/www.kfw.de\/kfw.de.html<\/a><\/p>\n<p><b>BAFA Programm f\u00fcr Einzelma\u00dfnahmen:<\/b><\/p>\n<p><a href=\"https:\/\/www.bafa.de\/DE\/Energie\/Effiziente_Gebaeude\/effiziente_gebaeude_node.html\">https:\/\/www.bafa.de\/DE\/Energie\/Effiziente_Gebaeude\/effiziente_gebaeude_node.html<\/a><\/p>\n<p>F\u00fcr Eigenheime:<\/p>\n<p><a href=\"https:\/\/www.deutschland-machts-effizient.de\/KAENEF\/Navigation\/DE\/Home\/home.html\">https:\/\/www.deutschland-machts-effizient.de\/KAENEF\/Navigation\/DE\/Home\/home.html<\/a><\/p>\n<p>Video dazu: <a href=\"https:\/\/youtu.be\/hpApoDwqJPs\">https:\/\/youtu.be\/hpApoDwqJPs<\/a><\/p>\n<p><span class=\"Apple-converted-space\">\u00a0 \u00a0 \u00a0 \u00a0 \u00a0 \u00a0 \u00a0 \u00a0 \u00a0 <\/span><a href=\"https:\/\/www.deutschland-machts-effizient.de\/KAENEF\/Navigation\/DE\/Service\/Infothek\/infothek.html\">https:\/\/www.deutschland-machts-effizient.de\/KAENEF\/Navigation\/DE\/Service\/Infothek\/infothek.html<\/a><\/p>\n<p>F\u00f6rder\u00fcbersicht BEG von Elco als PDF-Dokument vom 1.1.2021: <a href=\"https:\/\/elco.de\/resources\/Beratung\/BEG-Flyer_final_web.pdf\">https:\/\/elco.de\/resources\/Beratung\/BEG-Flyer_final_web.pdf<\/a><\/p>\n<p>F\u00fcr Privat, Unternehmen und Kommunen, mit F\u00f6rderwegweiser: <a href=\"https:\/\/www.deutschland-machts-effizient.de\/KAENEF\/Navigation\/DE\/Home\/home.html\">https:\/\/www.deutschland-machts-effizient.de\/KAENEF\/Navigation\/DE\/Home\/home.html<\/a><\/p>\n<p>Beratung vor Ort durch die Verbraucherzentrale: <a href=\"https:\/\/www.verbraucherzentrale-bawue.de\/beratungsstellen\/stuttgart\/beratungsangebote\/652\">https:\/\/www.verbraucherzentrale-bawue.de\/beratungsstellen\/stuttgart\/beratungsangebote\/652<\/a><\/p>\n<p>Infoseite: Klimawende von unten <a href=\"https:\/\/www.klimawende.org\/\">https:\/\/www.klimawende.org\/<\/a><\/p>\n<p><b>Vorschlag zur Vorgehensweise bei Neubau oder Renovierungen:<\/b><\/p>\n<ol>\n<li><b>Kostenlose Erstberatung bei der Energieagentur BB (EA-BB).<\/b><\/li>\n<\/ol>\n<ul>\n<li>\u00dcberblick verschaffen \u00fcber die M\u00f6glichkeiten mit vielen Tipps., Tel. 07031-663-2040<\/li>\n<\/ul>\n<ol start=\"2\">\n<li><b>Energieberatung vor Ort anfordern bei der Verbraucherzentrale.<\/b><\/li>\n<\/ol>\n<ul>\n<li>Situationsanalyse mit konkreten Vorschl\u00e4gen, Kosten: 30 Euro Tel. 0711-669110<\/li>\n<\/ul>\n<ol start=\"3\">\n<li><b>Angebote einholen<\/b><\/li>\n<\/ol>\n<ol start=\"4\">\n<li><b><\/b><b>Vor<\/b><b> Vertragsabschluss die F\u00f6rderantr\u00e4ge stellen.<\/b><\/li>\n<\/ol>\n<ul>\n<li>Um weitere 5% BAFA-Zusch\u00fcsse zu erhalten, m\u00fcssen Sie einen<span class=\"Apple-converted-space\">\u00a0 <\/span>\u201eIndividuellen Sanierungsfahrplan\u201c (ISFP) von einem von der BFA zertifizierten Energieberater erstellen lassen. Dieser ISFP sichert dann auch Zusch\u00fcsse bei sp\u00e4teren energetischen Ma\u00dfnahmen am Haus.<span class=\"Apple-converted-space\">\u00a0 <\/span>Den ISFP gibt es ab ca. 400 Euro bei einem Einfamilienhaus.<\/li>\n<\/ul>\n<p><a href=\"https:\/\/www.bafa.de\/DE\/Energie\/Energieberatung\/Energieberatung_Wohngebaeude\/Beratene\/beratene_node.html\">https:\/\/www.bafa.de\/DE\/Energie\/Energieberatung\/Energieberatung_Wohngebaeude\/Beratene\/beratene_node.html<\/a><\/p>\n","protected":false},"excerpt":{"rendered":"<p>Neue Satzung OV Grafenau (g\u00fcltig ab 30.06.2024) 2024_GrueneOVGrafenau_Satzung_final &nbsp; Informationsveranstaltung \u201eMit dem E-Auto in die Zukunft\u201c\u00a0 Hier finden Sie weiterf\u00fchrende Information und externe Links (Stand: November 2021) Pr\u00e4sentation (gek\u00fcrzt) Die&#8230; <\/p>\n","protected":false},"author":2,"featured_media":0,"parent":0,"menu_order":0,"comment_status":"closed","ping_status":"closed","template":"","meta":{"footnotes":""},"class_list":["post-356","page","type-page","status-publish","hentry"],"_links":{"self":[{"href":"https:\/\/gruene-grafenau.de\/index.php\/wp-json\/wp\/v2\/pages\/356","targetHints":{"allow":["GET"]}}],"collection":[{"href":"https:\/\/gruene-grafenau.de\/index.php\/wp-json\/wp\/v2\/pages"}],"about":[{"href":"https:\/\/gruene-grafenau.de\/index.php\/wp-json\/wp\/v2\/types\/page"}],"author":[{"embeddable":true,"href":"https:\/\/gruene-grafenau.de\/index.php\/wp-json\/wp\/v2\/users\/2"}],"replies":[{"embeddable":true,"href":"https:\/\/gruene-grafenau.de\/index.php\/wp-json\/wp\/v2\/comments?post=356"}],"version-history":[{"count":10,"href":"https:\/\/gruene-grafenau.de\/index.php\/wp-json\/wp\/v2\/pages\/356\/revisions"}],"predecessor-version":[{"id":1113,"href":"https:\/\/gruene-grafenau.de\/index.php\/wp-json\/wp\/v2\/pages\/356\/revisions\/1113"}],"wp:attachment":[{"href":"https:\/\/gruene-grafenau.de\/index.php\/wp-json\/wp\/v2\/media?parent=356"}],"curies":[{"name":"wp","href":"https:\/\/api.w.org\/{rel}","templated":true}]}}